{"id":24,"date":"2024-05-08T09:13:39","date_gmt":"2024-05-08T09:13:39","guid":{"rendered":"http:\/\/ostech-demo.local\/?page_id=24"},"modified":"2024-12-20T01:00:01","modified_gmt":"2024-12-20T01:00:01","slug":"precios-y-beneficios","status":"publish","type":"page","link":"https:\/\/prueba.viviendaparatodos.org\/?page_id=24","title":{"rendered":"Precios &amp; Beneficios"},"content":{"rendered":"\t\t<div data-elementor-type=\"wp-page\" data-elementor-id=\"24\" class=\"elementor elementor-24\">\n\t\t\t\t<div class=\"elementor-element elementor-element-24ac92b2 e-flex e-con-boxed e-con e-parent\" data-id=\"24ac92b2\" data-element_type=\"container\">\n\t\t\t\t\t<div class=\"e-con-inner\">\n\t\t<div class=\"elementor-element elementor-element-4ec303a7 e-con-full e-flex e-con e-child\" data-id=\"4ec303a7\" data-element_type=\"container\">\n\t\t\t\t<div class=\"elementor-element elementor-element-1cc51bdf elementor-widget elementor-widget-sidebar-nav\" data-id=\"1cc51bdf\" data-element_type=\"widget\" data-widget_type=\"sidebar-nav.default\">\n\t\t\t\t<div class=\"elementor-widget-container\">\n\t\t\t\t\t    <div class=\"service-sidebar__single\">\r\n        <h3 class=\"service-sidebar__title background-base\">Informaci\u00f3n<\/h3>                    <ul id=\"menu-services-list\" class=\"list-unstyled service-sidebar__nav ml-0\"><li id=\"menu-item-53\" class=\"menu-item menu-item-type-post_type menu-item-object-page menu-item-53\"><a href=\"https:\/\/prueba.viviendaparatodos.org\/?page_id=2654\">\u00bfQu\u00e9 incluye el servicio?\u00a0<\/a><\/li>\n<li id=\"menu-item-54\" class=\"menu-item menu-item-type-post_type menu-item-object-page menu-item-54\"><a href=\"https:\/\/prueba.viviendaparatodos.org\/?page_id=23\">Proceso de Subasta<\/a><\/li>\n<li id=\"menu-item-55\" class=\"menu-item menu-item-type-post_type menu-item-object-page menu-item-55\"><a href=\"https:\/\/prueba.viviendaparatodos.org\/?page_id=24\">Precios &amp; Beneficios<\/a><\/li>\n<\/ul>            <\/div><!-- \/.service-sidebar__single -->\r\n\t\t\t\t<\/div>\n\t\t\t\t<\/div>\n\t\t\t\t<div class=\"elementor-element elementor-element-71267314 elementor-widget elementor-widget-ostech-sidebar-call-to-action\" data-id=\"71267314\" data-element_type=\"widget\" data-widget_type=\"ostech-sidebar-call-to-action.default\">\n\t\t\t\t<div class=\"elementor-widget-container\">\n\t\t\t\t\t    <div class=\"service-sidebar__single  wow fadeInUp\" data-wow-delay='500ms'>\r\n        <div class=\"service-sidebar__contact\">\r\n            <h3 class=\"service-sidebar__contact-title\">Cont\u00e1ctanos para resolver cualquier duda\n<\/h3>                            <div class=\"service-sidebar__contact-btn\" data-wow-delay=\"500ms\">\r\n                    <a href=\"https:\/\/ostechwp.pixydrops.com\/contact\/\"  class=\"ostech-btn ostech-btn--submite\">Contacta<\/a>\r\n                <\/div>\r\n                        <div class=\"service-sidebar__contact-image\">\r\n                <img decoding=\"async\" src=\"https:\/\/prueba.viviendaparatodos.org\/wp-content\/uploads\/2024\/05\/service-men-1-1.png\" alt=\"service-men-1-1\" title=\"service-men-1-1\" >\r\n            <\/div>\r\n            <div class=\"service-sidebar__contact-angle\">\r\n                <img decoding=\"async\" src=\"https:\/\/prueba.viviendaparatodos.org\/wp-content\/uploads\/2024\/05\/service-shape.png\" alt=\"service-shape\" title=\"service-shape\" >            <\/div>\r\n        <\/div><!-- \/.service-sidebar__contact -->\r\n    <\/div>\r\n\t\t\t\t<\/div>\n\t\t\t\t<\/div>\n\t\t\t\t<\/div>\n\t\t<div class=\"elementor-element elementor-element-2d7f8bdf e-con-full e-flex e-con e-child\" data-id=\"2d7f8bdf\" data-element_type=\"container\">\n\t\t\t\t<div class=\"elementor-element elementor-element-3ecdc85b elementor-widget elementor-widget-ostech-service-details\" data-id=\"3ecdc85b\" data-element_type=\"widget\" data-widget_type=\"ostech-service-details.default\">\n\t\t\t\t<div class=\"elementor-widget-container\">\n\t\t\t\t\t\t<div class=\"service-details__single\">\r\n\t\t<div class=\"service-details__thumbnail wow fadeInUp\" data-wow-delay='300ms'>\r\n\t\t\t<img decoding=\"async\" src=\"https:\/\/prueba.viviendaparatodos.org\/wp-content\/uploads\/2024\/12\/Window_With_View_original_729354-scaled.jpg\" alt=\"window sill with flower and view from the window of a skyscraper on Moscow\" title=\"window sill with flower and view from the window of a skyscraper on Moscow.\" >\t\t<\/div>\r\n\t\t<h4 class=\"service-details__title wow fadeInUp\">\u00bfCu\u00e1l es el precio del servicio de consultor\u00eda de subasta?\n<\/h4>\t\t<p class=\"service-details__text wow fadeInUp\" data-wow-delay='350ms'>Para contratar este servicio debe pulsar en el bot\u00f3n Realizar Pago Este importe no se devuelve en ning\u00fan caso, tanto si ha aplicado sus recomendaciones como si no.Este servicio de consultor\u00eda implica tiempo y el informe efectuado es fruto de a\u00f1os de experiencia en el mundo de las subastas.\n\n<\/p>\r\n\r\n\t\t<h3 class=\"service-details__sub-title wow fadeInUp\" data-wow-delay='300ms'>Beneficios de nuestra consulta<\/h3><!-- \/.service-details__title -->\r\n\t\t<!-- \/.service-details__text -->\r\n\t\t<p class=\"service-details__text wow fadeInUp\" data-wow-delay='350ms'><\/p><!-- \/.service-details__text -->\r\n\t<\/div><!-- \/.service-details__single-->\r\n\r\n\t\t\t\t<\/div>\n\t\t\t\t<\/div>\n\t\t\t\t<div class=\"elementor-element elementor-element-179e261 elementor-widget elementor-widget-ostech-faq\" data-id=\"179e261\" data-element_type=\"widget\" data-widget_type=\"ostech-faq.default\">\n\t\t\t\t<div class=\"elementor-widget-container\">\n\t\t\t\t\t    <div class=\"service-details__single\">\r\n        <div class=\"faq-page__accordion ostech-accrodion\" data-grp-name=\"ostech-accrodion\">\r\n                            <div class=\"accrodion active\">\r\n                    <div class=\"accrodion-title\">\r\n                        <h4 class=\"accrodion-title__text\">Acceso a informaci\u00f3n exclusiva y an\u00e1lisis experto                            <span class=\"accrodion-title__icon\"><\/span>\r\n                        <\/h4>\r\n                    <\/div><!-- \/.accordian-title -->\r\n                    <div class=\"accrodion-content\">\r\n                        <div class=\"inner\">\r\n                            <p class=\"inner__text\">Obtendr\u00e1s datos clave sobre el inmueble y el mercado actual.<\/p>\r\n                        <\/div><!-- \/.accordian-content -->\r\n                    <\/div>\r\n                <\/div><!-- \/.accordian-item -->\r\n                            <div class=\"accrodion \">\r\n                    <div class=\"accrodion-title\">\r\n                        <h4 class=\"accrodion-title__text\">Estrategias personalizadas                            <span class=\"accrodion-title__icon\"><\/span>\r\n                        <\/h4>\r\n                    <\/div><!-- \/.accordian-title -->\r\n                    <div class=\"accrodion-content\">\r\n                        <div class=\"inner\">\r\n                            <p class=\"inner__text\">Te guiamos con recomendaciones de puja adaptadas a tus objetivos.<\/p>\r\n                        <\/div><!-- \/.accordian-content -->\r\n                    <\/div>\r\n                <\/div><!-- \/.accordian-item -->\r\n                            <div class=\"accrodion \">\r\n                    <div class=\"accrodion-title\">\r\n                        <h4 class=\"accrodion-title__text\">Ahorro de tiempo y esfuerzo                            <span class=\"accrodion-title__icon\"><\/span>\r\n                        <\/h4>\r\n                    <\/div><!-- \/.accordian-title -->\r\n                    <div class=\"accrodion-content\">\r\n                        <div class=\"inner\">\r\n                            <p class=\"inner__text\">Simplificamos el proceso y te evitamos sorpresas legales o financieras.<\/p>\r\n                        <\/div><!-- \/.accordian-content -->\r\n                    <\/div>\r\n                <\/div><!-- \/.accordian-item -->\r\n                            <div class=\"accrodion \">\r\n                    <div class=\"accrodion-title\">\r\n                        <h4 class=\"accrodion-title__text\">Maximizaci\u00f3n de la rentabilidad                            <span class=\"accrodion-title__icon\"><\/span>\r\n                        <\/h4>\r\n                    <\/div><!-- \/.accordian-title -->\r\n                    <div class=\"accrodion-content\">\r\n                        <div class=\"inner\">\r\n                            <p class=\"inner__text\">Dise\u00f1amos una estrategia que optimiza tu inversi\u00f3n desde el primer momento.<\/p>\r\n                        <\/div><!-- \/.accordian-content -->\r\n                    <\/div>\r\n                <\/div><!-- \/.accordian-item -->\r\n                            <div class=\"accrodion \">\r\n                    <div class=\"accrodion-title\">\r\n                        <h4 class=\"accrodion-title__text\">Confianza respaldada por experiencia                            <span class=\"accrodion-title__icon\"><\/span>\r\n                        <\/h4>\r\n                    <\/div><!-- \/.accordian-title -->\r\n                    <div class=\"accrodion-content\">\r\n                        <div class=\"inner\">\r\n                            <p class=\"inner__text\">M\u00e1s de 28 a\u00f1os de liderazgo en el sector avalan nuestro trabajo.<\/p>\r\n                        <\/div><!-- \/.accordian-content -->\r\n                    <\/div>\r\n                <\/div><!-- \/.accordian-item -->\r\n                    <\/div>\r\n    <\/div><!-- \/ -->\r\n\t\t\t\t<\/div>\n\t\t\t\t<\/div>\n\t\t\t\t<\/div>\n\t\t\t\t\t<\/div>\n\t\t\t\t<\/div>\n\t\t\t\t<\/div>\n\t\t","protected":false},"excerpt":{"rendered":"<p>Informaci\u00f3n \u00bfQu\u00e9 incluye el servicio?\u00a0 Participaci\u00f3n en el proceso de Subasta Precios de Consultor\u00eda de Subasta Cont\u00e1ctanos para resolver cualquier duda Contacta \u00bfCu\u00e1l es el precio del servicio de consultor\u00eda de subasta? Para contratar este servicio debe pulsar en el bot\u00f3n Realizar Pago Este importe no se devuelve en ning\u00fan caso, tanto si ha aplicado [&hellip;]<\/p>\n","protected":false},"author":2,"featured_media":0,"parent":0,"menu_order":0,"comment_status":"closed","ping_status":"closed","template":"elementor_header_footer","meta":{"footnotes":""},"class_list":["post-24","page","type-page","status-publish","hentry"],"_links":{"self":[{"href":"https:\/\/prueba.viviendaparatodos.org\/index.php?rest_route=\/wp\/v2\/pages\/24","targetHints":{"allow":["GET"]}}],"collection":[{"href":"https:\/\/prueba.viviendaparatodos.org\/index.php?rest_route=\/wp\/v2\/pages"}],"about":[{"href":"https:\/\/prueba.viviendaparatodos.org\/index.php?rest_route=\/wp\/v2\/types\/page"}],"author":[{"embeddable":true,"href":"https:\/\/prueba.viviendaparatodos.org\/index.php?rest_route=\/wp\/v2\/users\/2"}],"replies":[{"embeddable":true,"href":"https:\/\/prueba.viviendaparatodos.org\/index.php?rest_route=%2Fwp%2Fv2%2Fcomments&post=24"}],"version-history":[{"count":12,"href":"https:\/\/prueba.viviendaparatodos.org\/index.php?rest_route=\/wp\/v2\/pages\/24\/revisions"}],"predecessor-version":[{"id":2893,"href":"https:\/\/prueba.viviendaparatodos.org\/index.php?rest_route=\/wp\/v2\/pages\/24\/revisions\/2893"}],"wp:attachment":[{"href":"https:\/\/prueba.viviendaparatodos.org\/index.php?rest_route=%2Fwp%2Fv2%2Fmedia&parent=24"}],"curies":[{"name":"wp","href":"https:\/\/api.w.org\/{rel}","templated":true}]}}