{"id":23,"date":"2024-05-08T09:13:39","date_gmt":"2024-05-08T09:13:39","guid":{"rendered":"http:\/\/ostech-demo.local\/?page_id=23"},"modified":"2024-12-20T01:06:11","modified_gmt":"2024-12-20T01:06:11","slug":"proceso-de-subasta","status":"publish","type":"page","link":"https:\/\/prueba.viviendaparatodos.org\/?page_id=23","title":{"rendered":"Proceso de Subasta"},"content":{"rendered":"\t\t<div data-elementor-type=\"wp-page\" data-elementor-id=\"23\" class=\"elementor elementor-23\">\n\t\t\t\t<div class=\"elementor-element elementor-element-3a80c289 e-flex e-con-boxed e-con e-parent\" data-id=\"3a80c289\" data-element_type=\"container\">\n\t\t\t\t\t<div class=\"e-con-inner\">\n\t\t<div class=\"elementor-element elementor-element-772dc179 e-con-full e-flex e-con e-child\" data-id=\"772dc179\" data-element_type=\"container\">\n\t\t\t\t<div class=\"elementor-element elementor-element-2f4551ed elementor-widget elementor-widget-sidebar-nav\" data-id=\"2f4551ed\" data-element_type=\"widget\" data-widget_type=\"sidebar-nav.default\">\n\t\t\t\t<div class=\"elementor-widget-container\">\n\t\t\t\t\t    <div class=\"service-sidebar__single\">\r\n        <h3 class=\"service-sidebar__title background-base\">Informaci\u00f3n<\/h3>                    <ul id=\"menu-services-list\" class=\"list-unstyled service-sidebar__nav ml-0\"><li id=\"menu-item-53\" class=\"menu-item menu-item-type-post_type menu-item-object-page menu-item-53\"><a href=\"https:\/\/prueba.viviendaparatodos.org\/?page_id=2654\">\u00bfQu\u00e9 incluye el servicio?\u00a0<\/a><\/li>\n<li id=\"menu-item-54\" class=\"menu-item menu-item-type-post_type menu-item-object-page menu-item-54\"><a href=\"https:\/\/prueba.viviendaparatodos.org\/?page_id=23\">Proceso de Subasta<\/a><\/li>\n<li id=\"menu-item-55\" class=\"menu-item menu-item-type-post_type menu-item-object-page menu-item-55\"><a href=\"https:\/\/prueba.viviendaparatodos.org\/?page_id=24\">Precios &amp; Beneficios<\/a><\/li>\n<\/ul>            <\/div><!-- \/.service-sidebar__single -->\r\n\t\t\t\t<\/div>\n\t\t\t\t<\/div>\n\t\t\t\t<div class=\"elementor-element elementor-element-2dbf787d elementor-widget elementor-widget-ostech-sidebar-call-to-action\" data-id=\"2dbf787d\" data-element_type=\"widget\" data-widget_type=\"ostech-sidebar-call-to-action.default\">\n\t\t\t\t<div class=\"elementor-widget-container\">\n\t\t\t\t\t    <div class=\"service-sidebar__single  wow fadeInUp\" data-wow-delay='500ms'>\r\n        <div class=\"service-sidebar__contact\">\r\n            <h3 class=\"service-sidebar__contact-title\">Cont\u00e1ctanos para resolver cualquier duda\n<\/h3>                            <div class=\"service-sidebar__contact-btn\" data-wow-delay=\"500ms\">\r\n                    <a href=\"https:\/\/ostechwp.pixydrops.com\/contact\/\"  class=\"ostech-btn ostech-btn--submite\">Contacta<\/a>\r\n                <\/div>\r\n                        <div class=\"service-sidebar__contact-image\">\r\n                <img decoding=\"async\" src=\"https:\/\/prueba.viviendaparatodos.org\/wp-content\/uploads\/2024\/05\/service-men-1-1.png\" alt=\"service-men-1-1\" title=\"service-men-1-1\" >\r\n            <\/div>\r\n            <div class=\"service-sidebar__contact-angle\">\r\n                <img decoding=\"async\" src=\"https:\/\/prueba.viviendaparatodos.org\/wp-content\/uploads\/2024\/05\/service-shape.png\" alt=\"service-shape\" title=\"service-shape\" >            <\/div>\r\n        <\/div><!-- \/.service-sidebar__contact -->\r\n    <\/div>\r\n\t\t\t\t<\/div>\n\t\t\t\t<\/div>\n\t\t\t\t<\/div>\n\t\t<div class=\"elementor-element elementor-element-fdc9c1 e-con-full e-flex e-con e-child\" data-id=\"fdc9c1\" data-element_type=\"container\">\n\t\t\t\t<div class=\"elementor-element elementor-element-e1c4c12 elementor-widget elementor-widget-video\" data-id=\"e1c4c12\" data-element_type=\"widget\" data-settings=\"{&quot;youtube_url&quot;:&quot;https:\\\/\\\/www.youtube.com\\\/watch?v=Gq4e2D__QtQ&quot;,&quot;video_type&quot;:&quot;youtube&quot;,&quot;controls&quot;:&quot;yes&quot;}\" data-widget_type=\"video.default\">\n\t\t\t\t<div class=\"elementor-widget-container\">\n\t\t\t\t\t\t\t<div class=\"elementor-wrapper elementor-open-inline\">\n\t\t\t<div class=\"elementor-video\"><\/div>\t\t<\/div>\n\t\t\t\t\t\t<\/div>\n\t\t\t\t<\/div>\n\t\t\t\t<div class=\"elementor-element elementor-element-3e1ad251 elementor-widget elementor-widget-ostech-service-details\" data-id=\"3e1ad251\" data-element_type=\"widget\" data-widget_type=\"ostech-service-details.default\">\n\t\t\t\t<div class=\"elementor-widget-container\">\n\t\t\t\t\t\t<div class=\"service-details__single\">\r\n\t\t<div class=\"service-details__thumbnail wow fadeInUp\" data-wow-delay='300ms'>\r\n\t\t\t\t\t<\/div>\r\n\t\t<h4 class=\"service-details__title wow fadeInUp\">Acompa\u00f1amiento en el proceso de Subasta\n<\/h4>\t\t<p class=\"service-details__text wow fadeInUp\" data-wow-delay='350ms'>\nNuestros especialistas lo acompa\u00f1aran en todo el proceso asegurando una alta probabilidad de \u00e9xito. Servicios que estan incluidos al contratar nuestro servicio:\n<\/p>\r\n\r\n\t\t<h3 class=\"service-details__sub-title wow fadeInUp\" data-wow-delay='300ms'><\/h3><!-- \/.service-details__title -->\r\n\t\t<!-- \/.service-details__text -->\r\n\t\t<p class=\"service-details__text wow fadeInUp\" data-wow-delay='350ms'><\/p><!-- \/.service-details__text -->\r\n\t<\/div><!-- \/.service-details__single-->\r\n\r\n\t\t\t\t<\/div>\n\t\t\t\t<\/div>\n\t\t\t\t<div class=\"elementor-element elementor-element-7d7e9660 elementor-widget elementor-widget-ostech-features\" data-id=\"7d7e9660\" data-element_type=\"widget\" data-widget_type=\"ostech-features.default\">\n\t\t\t\t<div class=\"elementor-widget-container\">\n\t\t\t\t\t\t<div class=\"service-details__single wow fadeInUp\" data-wow-delay='300ms'>\r\n\t\t<div class=\"row align-items-center\">\r\n\t\t\t<div class=\"col-md-5\">\r\n\t\t\t\t<div class=\"service-details__image__item\">\r\n\t\t\t\t\t<img decoding=\"async\" src=\"https:\/\/prueba.viviendaparatodos.org\/wp-content\/uploads\/2024\/12\/Diseno-sin-titulo-8.png\" alt=\"Dise\u00f1o sin t\u00edtulo (8)\" title=\"Dise\u00f1o sin t\u00edtulo (8)\" >\t\t\t\t<\/div><!-- \/.service-details__image__circle -->\r\n\t\t\t<\/div><!-- \/.col-md-6 -->\r\n\t\t\t<div class=\"col-md-7\">\r\n\t\t\t\t<div class=\"service-details__benefit\">\r\n\t\t\t\t\t<h3 class=\"service-details__benefit__title\">\r\n\t\t\t\t\t\t\t\t\t\t\t<\/h3>\r\n\t\t\t\t\t<p class=\"service-details__benefit__text\">\n<\/p>\r\n\t\t\t\t\t<h4 class=\"service-details__benefit__sub_title\"><\/h4>\r\n\t\t\t\t\t<ul class=\"list-unstyled service-details__list ml-0\">\r\n\t\t\t\t\t\t\t\t\t\t\t\t\t<li class=\"service-details__list__item\">\r\n\t\t\t\t\t\t\t\t<i aria-hidden=\"true\" class=\"fas fa-check-circle\"><\/i>\t\t\t\t\t\t\t\tRepresentaci\u00f3n del cliente en la subasta\t\t\t\t\t\t\t<\/li>\r\n\t\t\t\t\t\t\t\t\t\t\t\t\t<li class=\"service-details__list__item\">\r\n\t\t\t\t\t\t\t\t<i aria-hidden=\"true\" class=\"fas fa-check-circle\"><\/i>\t\t\t\t\t\t\t\tEstado de posesi\u00f3n seg\u00fan el Juzgado\t\t\t\t\t\t\t<\/li>\r\n\t\t\t\t\t\t\t\t\t\t\t\t\t<li class=\"service-details__list__item\">\r\n\t\t\t\t\t\t\t\t<i aria-hidden=\"true\" class=\"fas fa-check-circle\"><\/i>\t\t\t\t\t\t\t\tNegociaci\u00f3n de la posesi\u00f3n con pacto\t\t\t\t\t\t\t<\/li>\r\n\t\t\t\t\t\t\t\t\t\t\t\t\t<li class=\"service-details__list__item\">\r\n\t\t\t\t\t\t\t\t<i aria-hidden=\"true\" class=\"fas fa-check-circle\"><\/i>\t\t\t\t\t\t\t\tInscripci\u00f3n en el Registro de la Propiedad\t\t\t\t\t\t\t<\/li>\r\n\t\t\t\t\t\t\t\t\t\t\t\t\t<li class=\"service-details__list__item\">\r\n\t\t\t\t\t\t\t\t<i aria-hidden=\"true\" class=\"fas fa-check-circle\"><\/i>\t\t\t\t\t\t\t\tPlusval\u00edas\t\t\t\t\t\t\t<\/li>\r\n\t\t\t\t\t\t\t\t\t\t\t\t\t<li class=\"service-details__list__item\">\r\n\t\t\t\t\t\t\t\t<i aria-hidden=\"true\" class=\"fas fa-check-circle\"><\/i>\t\t\t\t\t\t\t\tComunicaciones con la administraci\u00f3n responsable\t\t\t\t\t\t\t<\/li>\r\n\t\t\t\t\t\t\t\t\t\t\t\t\t<li class=\"service-details__list__item\">\r\n\t\t\t\t\t\t\t\t<i aria-hidden=\"true\" class=\"fas fa-check-circle\"><\/i>\t\t\t\t\t\t\t\tServicio jur\u00eddico durante todo el procedimiento\t\t\t\t\t\t\t<\/li>\r\n\t\t\t\t\t\t\t\t\t\t\t<\/ul><!-- \/.list-unstyled team-details__list -->\r\n\t\t\t\t<\/div>\r\n\t\t\t<\/div><!-- \/.col-md-6 -->\r\n\t\t<\/div><!-- \/.row -->\r\n\t<\/div><!-- \/.service-details__single-->\r\n\t\t\t\t<\/div>\n\t\t\t\t<\/div>\n\t\t\t\t<div class=\"elementor-element elementor-element-f038605 elementor-widget elementor-widget-ostech-service-details\" data-id=\"f038605\" data-element_type=\"widget\" data-widget_type=\"ostech-service-details.default\">\n\t\t\t\t<div class=\"elementor-widget-container\">\n\t\t\t\t\t\t<div class=\"service-details__single\">\r\n\t\t<div class=\"service-details__thumbnail wow fadeInUp\" data-wow-delay='300ms'>\r\n\t\t\t\t\t<\/div>\r\n\t\t\t\t<p class=\"service-details__text wow fadeInUp\" data-wow-delay='350ms'>\nTener en cuenta que al logro de adjudicarnos la Subasta tendr\u00eda que abonar  el 4% del valor de adjudicaci\u00f3n (con un m\u00ednimo de 5.000 euros si el importe de adjudicaci\u00f3n es inferior a 100.000 euros). Si por lo contrario no se lograr\u00e1 el exito del proceso, el importe de 1.900 euros se descontar\u00e1 de su cuota de inscripci\u00f3n.\n\n<\/p>\r\n\r\n\t\t<h3 class=\"service-details__sub-title wow fadeInUp\" data-wow-delay='300ms'><\/h3><!-- \/.service-details__title -->\r\n\t\t<!-- \/.service-details__text -->\r\n\t\t<p class=\"service-details__text wow fadeInUp\" data-wow-delay='350ms'><\/p><!-- \/.service-details__text -->\r\n\t<\/div><!-- \/.service-details__single-->\r\n\r\n\t\t\t\t<\/div>\n\t\t\t\t<\/div>\n\t\t\t\t<\/div>\n\t\t\t\t\t<\/div>\n\t\t\t\t<\/div>\n\t\t\t\t<\/div>\n\t\t","protected":false},"excerpt":{"rendered":"<p>Informaci\u00f3n \u00bfQu\u00e9 incluye el servicio?\u00a0 Proceso de Subasta Precios &amp; Beneficios Cont\u00e1ctanos para resolver cualquier duda Contacta Acompa\u00f1amiento en el proceso de Subasta Nuestros especialistas lo acompa\u00f1aran en todo el proceso asegurando una alta probabilidad de \u00e9xito. Servicios que estan incluidos al contratar nuestro servicio: Representaci\u00f3n del cliente en la subasta Estado de posesi\u00f3n seg\u00fan [&hellip;]<\/p>\n","protected":false},"author":2,"featured_media":0,"parent":0,"menu_order":0,"comment_status":"closed","ping_status":"closed","template":"elementor_header_footer","meta":{"footnotes":""},"class_list":["post-23","page","type-page","status-publish","hentry"],"_links":{"self":[{"href":"https:\/\/prueba.viviendaparatodos.org\/index.php?rest_route=\/wp\/v2\/pages\/23","targetHints":{"allow":["GET"]}}],"collection":[{"href":"https:\/\/prueba.viviendaparatodos.org\/index.php?rest_route=\/wp\/v2\/pages"}],"about":[{"href":"https:\/\/prueba.viviendaparatodos.org\/index.php?rest_route=\/wp\/v2\/types\/page"}],"author":[{"embeddable":true,"href":"https:\/\/prueba.viviendaparatodos.org\/index.php?rest_route=\/wp\/v2\/users\/2"}],"replies":[{"embeddable":true,"href":"https:\/\/prueba.viviendaparatodos.org\/index.php?rest_route=%2Fwp%2Fv2%2Fcomments&post=23"}],"version-history":[{"count":19,"href":"https:\/\/prueba.viviendaparatodos.org\/index.php?rest_route=\/wp\/v2\/pages\/23\/revisions"}],"predecessor-version":[{"id":2955,"href":"https:\/\/prueba.viviendaparatodos.org\/index.php?rest_route=\/wp\/v2\/pages\/23\/revisions\/2955"}],"wp:attachment":[{"href":"https:\/\/prueba.viviendaparatodos.org\/index.php?rest_route=%2Fwp%2Fv2%2Fmedia&parent=23"}],"curies":[{"name":"wp","href":"https:\/\/api.w.org\/{rel}","templated":true}]}}